{"id":3,"date":"2023-05-08T11:07:40","date_gmt":"2023-05-08T09:07:40","guid":{"rendered":"http:\/\/ld-cucek.hr\/?page_id=3"},"modified":"2023-05-12T14:16:42","modified_gmt":"2023-05-12T12:16:42","slug":"pravila-privatnosti","status":"publish","type":"page","link":"https:\/\/ld-cucek.hr\/?page_id=3","title":{"rendered":"Pravila privatnosti"},"content":{"rendered":"\n<h2 class=\"wp-block-heading\">Hvala vam \u0161to ste posjetili na\u0161u web stranicu. Mi smo posve\u0107eni za\u0161tititi va\u0161u privatnost i osigurati va\u0161e podataka. Ova politika privatnosti opisuje kako prikupljamo, koristimo i \u0161titimo informacije koje nam pru\u017eate prilikom kori\u0161tenja na\u0161e web stranice.<\/h2>\n\n\n\n<h2 class=\"wp-block-heading\">Tko smo mi<\/h2>\n\n\n\n<p>L&amp;D \u010cu\u010dek d.o.o. firma koja se uspje\u0161no bavi izvo\u0111enjem krovopokriva\u010dkih i tesarskih radova &#8211; od drvenih konstrukcija svih oblika, pa sve do ure\u0111enja potkrovlja, hidro- i termoizolacija na obiteljskim ku\u0107ama, poslovnim i javnim objektima, industrjskim objektima i farmama te povijesnim objektima i crkvama.<\/p>\n\n\n\n<p>Izvodimo sve vrste konstrukcija od jednostavnih pa do najslo\u017eenijih. Pokrivamo crijepom, \u0161indrom, limom, eternitom te ostalim pokrovima.<\/p>\n\n\n\n<p>U svojoj ponudi imamo i gra\u0111evinsku limariju, nudimo pravilnu ugradnju krovnih prozora.<\/p>\n\n\n\n<p>Adresa na\u0161e web-stranice je: http:\/\/ld-cucek.hr.<\/p>\n\n\n\n<h2 class=\"wp-block-heading\">Prikupljanje podataka<\/h2>\n\n\n\n<p>Na\u0161a web stranica prikuplja samo e-mail adrese koje nam klijenti dobrovoljno pru\u017ee putem kontakt obrasca ili prijave na na\u0161u e-mail listu. Ne prikupljamo niti \u010duvamo dodatne li\u010dne podatke bez va\u0161eg izri\u010ditog pristanka.<\/p>\n\n\n\n<h2 class=\"wp-block-heading\">Kori\u0161tenje podataka<\/h2>\n\n\n\n<p>Prikupljene e-mail adrese koristimo isklju\u010divo u svrhe komunikacije sa na\u0161im klijentima. Mo\u017eemo vam slati relevantne informacije, promotivne ponude ili druge sli\u010dne poruke putem e-maila. Va\u0161a e-mail adresa ne\u0107e biti dijeljena, prodavana ili iznajmljivana tre\u0107im licima bez va\u0161e izri\u010dite suglasnosti.<\/p>\n\n\n\n<h2 class=\"wp-block-heading\">Sigurnost podataka<\/h2>\n\n\n\n<p>Poduzimamo odgovaraju\u0107e mjere za\u0161tite kako bismo osigurali sigurnost va\u0161ih podataka. Va\u0161e e-mail adrese \u010duvamo na sigurnom serveru i pristup njima imaju samo ovla\u0161tena lica koja su obavezna da odr\u017eavaju povjerljivost informacija.<\/p>\n\n\n\n<h2 class=\"wp-block-heading\">Kola\u010di\u0107i<\/h2>\n\n\n\n<p>Ako posjetite na\u0161u stranicu za prijavu, postavit \u0107emo privremeni kola\u010di\u0107 kako bismo utvrdili prihva\u0107a li va\u0161 preglednik kola\u010di\u0107e. Ovaj kola\u010di\u0107 ne sadr\u017ei osobne podatke i bri\u0161e se kada ugasite preglednik..<\/p>\n\n\n\n<p>Na\u0161a web stranica mo\u017ee koristiti kola\u010di\u0107e radi pobolj\u0161anja korisni\u010dkog iskustva. Kola\u010di\u0107i su male tekstualne datoteke koje se \u010duvaju na va\u0161em ure\u0111aju i poma\u017eu nam da analiziramo podatke o posje\u0107enosti web stranice i personaliziramo  sadr\u017eaj. Mo\u017eete kontrolirati ili onemogu\u0107iti kola\u010di\u0107e putem pode\u0161avanja va\u0161eg web preglednika.<\/p>\n\n\n\n<h2 class=\"wp-block-heading\">Promjene politike privatnosti<\/h2>\n\n\n\n<p>Povremeno mo\u017eemo a\u017eurirati ova pravila privatnosti kako bismo odr\u017eavali promjene u na\u0161im praksama ili zakonskim zahtjevima. Svaka a\u017euriranja \u0107e biti objavljena na ovoj web stranici, stoga vas ohrabrujemo da redovno pregledate ovu politiku privatnosti.<\/p>\n\n\n\n<h2 class=\"wp-block-heading\">Kontakt<\/h2>\n\n\n\n<p><strong class=\"privacy-policy-tutorial\">Ako imate bilo kakva pitanja ili nedoumice u vezi sa na\u0161im pravilima privatnosti ili tretmanom va\u0161ih podataka, slobodno nas kontaktirajte putem kontaktnih podataka navedenih na na\u0161oj web stranici.<\/strong><\/p>\n","protected":false},"excerpt":{"rendered":"<p>Hvala vam \u0161to ste posjetili na\u0161u web stranicu. Mi smo posve\u0107eni za\u0161tititi va\u0161u privatnost i osigurati va\u0161e podataka. Ova politika privatnosti opisuje kako prikupljamo, koristimo i \u0161titimo informacije koje nam pru\u017eate prilikom kori\u0161tenja na\u0161e web stranice. Tko smo mi L&amp;D \u010cu\u010dek d.o.o. firma koja se uspje\u0161no bavi izvo\u0111enjem krovopokriva\u010dkih i [&hellip;]<\/p>\n","protected":false},"author":1,"featured_media":0,"parent":0,"menu_order":0,"comment_status":"closed","ping_status":"open","template":"","meta":{"footnotes":""},"class_list":["post-3","page","type-page","status-publish","hentry"],"_links":{"self":[{"href":"https:\/\/ld-cucek.hr\/index.php?rest_route=\/wp\/v2\/pages\/3","targetHints":{"allow":["GET"]}}],"collection":[{"href":"https:\/\/ld-cucek.hr\/index.php?rest_route=\/wp\/v2\/pages"}],"about":[{"href":"https:\/\/ld-cucek.hr\/index.php?rest_route=\/wp\/v2\/types\/page"}],"author":[{"embeddable":true,"href":"https:\/\/ld-cucek.hr\/index.php?rest_route=\/wp\/v2\/users\/1"}],"replies":[{"embeddable":true,"href":"https:\/\/ld-cucek.hr\/index.php?rest_route=%2Fwp%2Fv2%2Fcomments&post=3"}],"version-history":[{"count":1,"href":"https:\/\/ld-cucek.hr\/index.php?rest_route=\/wp\/v2\/pages\/3\/revisions"}],"predecessor-version":[{"id":104,"href":"https:\/\/ld-cucek.hr\/index.php?rest_route=\/wp\/v2\/pages\/3\/revisions\/104"}],"wp:attachment":[{"href":"https:\/\/ld-cucek.hr\/index.php?rest_route=%2Fwp%2Fv2%2Fmedia&parent=3"}],"curies":[{"name":"wp","href":"https:\/\/api.w.org\/{rel}","templated":true}]}}